{"id":133,"date":"2017-10-31T16:05:30","date_gmt":"2017-10-31T16:05:30","guid":{"rendered":"https:\/\/aaltosensukuseura.wordpress.com\/?page_id=133"},"modified":"2026-03-23T20:45:17","modified_gmt":"2026-03-23T18:45:17","slug":"seuran-hallitus","status":"publish","type":"page","link":"https:\/\/www.aaltosensukuseura.fi\/index.php\/seura\/seuran-hallitus\/","title":{"rendered":"Seuran hallitus"},"content":{"rendered":"<h3>Seuran hallitus 2025-2026<\/h3>\n<p>Merja-Riitta H\u00e4m\u00e4l\u00e4inen, puheenjohtaja<\/p>\n<p><strong>Varsinaiset j\u00e4senet:<br \/>\n<\/strong>Kristiina Koivula<br \/>\nRisto Aaltonen<br \/>\nTeuvo Aaltonen<br \/>\nMirja-Leena Hakam\u00e4ki<br \/>\nRiitta Hinkkanen<br \/>\nSuvi Joukas<br \/>\nKristiina Koivula<br \/>\nOlli-Pekka Narvio<br \/>\nP\u00e4ivi Silfverberg<\/p>\n<p><strong>Varaj\u00e4senet:<\/strong><br \/>\nReima Hirvonen<br \/>\nJoonas H\u00e4m\u00e4l\u00e4inen<br \/>\nHeikki Lahti<br \/>\nRosa-Milla Narvio<br \/>\nLaura Okko<br \/>\nRaimo Peltola<br \/>\nMarjaana Savolainen<\/p>\n<h3>Mit\u00e4 hallitus tekee?<\/h3>\n<p>Seuran hallitus p\u00e4\u00e4tt\u00e4\u00e4 muunmuassa sukututkimuksen kohteista, sek\u00e4 seuran muusta toiminnasta, kuten sukukokouksista ja sukujuhlista. Kokouksemme ovat varsin mukavia. Sukulaisia on aina mukava n\u00e4hd\u00e4!<\/p>\n<p>Sukuun kuuluva, haluatko mukaan hallitukseen? Uusi hallitus valitaan vuosittain seuran varsinaisessa vuosikokouksessa. Ota yhteytt\u00e4 ja kysy lis\u00e4\u00e4, tai osallistu varsinaiseen vuosikokoukseen. Varmistathan, ett\u00e4 vuosimaksusi on maksettu. Tervetuloa seuran toimintaan!<\/p>\n","protected":false},"excerpt":{"rendered":"<p>Seuran hallitus 2025-2026 Merja-Riitta H\u00e4m\u00e4l\u00e4inen, puheenjohtaja Varsinaiset j\u00e4senet: Kristiina Koivula Risto Aaltonen Teuvo Aaltonen Mirja-Leena Hakam\u00e4ki Riitta Hinkkanen Suvi Joukas Kristiina Koivula Olli-Pekka Narvio P\u00e4ivi Silfverberg Varaj\u00e4senet: Reima Hirvonen Joonas H\u00e4m\u00e4l\u00e4inen Heikki Lahti Rosa-Milla Narvio Laura Okko Raimo Peltola Marjaana Savolainen Mit\u00e4 hallitus tekee? Seuran hallitus p\u00e4\u00e4tt\u00e4\u00e4 muunmuassa sukututkimuksen kohteista, sek\u00e4 seuran muusta toiminnasta, kuten&hellip; <a href=\"https:\/\/www.aaltosensukuseura.fi\/index.php\/seura\/seuran-hallitus\/\" class=\"more-link\">Jatka lukemista <span class=\"screen-reader-text\">Seuran hallitus<\/span><\/a><\/p>\n","protected":false},"author":1,"featured_media":0,"parent":9,"menu_order":0,"comment_status":"closed","ping_status":"closed","template":"","meta":{"footnotes":""},"class_list":["post-133","page","type-page","status-publish","hentry","without-featured-image"],"_links":{"self":[{"href":"https:\/\/www.aaltosensukuseura.fi\/index.php\/wp-json\/wp\/v2\/pages\/133","targetHints":{"allow":["GET"]}}],"collection":[{"href":"https:\/\/www.aaltosensukuseura.fi\/index.php\/wp-json\/wp\/v2\/pages"}],"about":[{"href":"https:\/\/www.aaltosensukuseura.fi\/index.php\/wp-json\/wp\/v2\/types\/page"}],"author":[{"embeddable":true,"href":"https:\/\/www.aaltosensukuseura.fi\/index.php\/wp-json\/wp\/v2\/users\/1"}],"replies":[{"embeddable":true,"href":"https:\/\/www.aaltosensukuseura.fi\/index.php\/wp-json\/wp\/v2\/comments?post=133"}],"version-history":[{"count":12,"href":"https:\/\/www.aaltosensukuseura.fi\/index.php\/wp-json\/wp\/v2\/pages\/133\/revisions"}],"predecessor-version":[{"id":485,"href":"https:\/\/www.aaltosensukuseura.fi\/index.php\/wp-json\/wp\/v2\/pages\/133\/revisions\/485"}],"up":[{"embeddable":true,"href":"https:\/\/www.aaltosensukuseura.fi\/index.php\/wp-json\/wp\/v2\/pages\/9"}],"wp:attachment":[{"href":"https:\/\/www.aaltosensukuseura.fi\/index.php\/wp-json\/wp\/v2\/media?parent=133"}],"curies":[{"name":"wp","href":"https:\/\/api.w.org\/{rel}","templated":true}]}}