{"id":3,"date":"2017-10-30T09:07:24","date_gmt":"2017-10-30T09:07:24","guid":{"rendered":"https:\/\/aaltosensukuseura.wordpress.com\/?page_id=3"},"modified":"2017-11-05T02:10:35","modified_gmt":"2017-11-05T00:10:35","slug":"yhteytta","status":"publish","type":"page","link":"https:\/\/www.aaltosensukuseura.fi\/index.php\/yhteytta\/","title":{"rendered":"Ota yhteytt\u00e4"},"content":{"rendered":"<p>Ota yhteytt\u00e4 t\u00e4ytt\u00e4m\u00e4ll\u00e4 allaoleva yhteydenottolomake.<\/p>\n<div class=\"wpforms-container wpforms-container-full\" id=\"wpforms-167\"><form id=\"wpforms-form-167\" class=\"wpforms-validate wpforms-form\" data-formid=\"167\" method=\"post\" enctype=\"multipart\/form-data\" action=\"\/index.php\/wp-json\/wp\/v2\/pages\/3\" data-token=\"f11d1b27ecbda65a05366cd4d054ef06\" data-token-time=\"1776289986\"><noscript class=\"wpforms-error-noscript\">Please enable JavaScript in your browser to complete this form.<\/noscript><div class=\"wpforms-field-container\"><div id=\"wpforms-167-field_0-container\" class=\"wpforms-field wpforms-field-name\" data-field-id=\"0\"><label class=\"wpforms-field-label\" for=\"wpforms-167-field_0\">Nimi <span class=\"wpforms-required-label\">*<\/span><\/label><input type=\"text\" id=\"wpforms-167-field_0\" class=\"wpforms-field-medium wpforms-field-required\" name=\"wpforms[fields][0]\" required><\/div><div id=\"wpforms-167-field_1-container\" class=\"wpforms-field wpforms-field-email\" data-field-id=\"1\"><label class=\"wpforms-field-label\" for=\"wpforms-167-field_1\">S\u00e4hk\u00f6postiosoite <span class=\"wpforms-required-label\">*<\/span><\/label><input type=\"email\" id=\"wpforms-167-field_1\" class=\"wpforms-field-medium wpforms-field-required\" name=\"wpforms[fields][1]\" spellcheck=\"false\" required><\/div><div id=\"wpforms-167-field_2-container\" class=\"wpforms-field wpforms-field-textarea\" data-field-id=\"2\"><label class=\"wpforms-field-label\" for=\"wpforms-167-field_2\">Kommentti tai viesti <span class=\"wpforms-required-label\">*<\/span><\/label><textarea id=\"wpforms-167-field_2\" class=\"wpforms-field-medium wpforms-field-required\" name=\"wpforms[fields][2]\" required><\/textarea><\/div><\/div><!-- .wpforms-field-container --><div class=\"wpforms-field wpforms-field-hp\"><label for=\"wpforms-167-field-hp\" class=\"wpforms-field-label\">Name<\/label><input type=\"text\" name=\"wpforms[hp]\" id=\"wpforms-167-field-hp\" class=\"wpforms-field-medium\"><\/div><div class=\"wpforms-recaptcha-container wpforms-is-recaptcha wpforms-is-recaptcha-type-invisible\" ><div class=\"g-recaptcha\" data-sitekey=\"6LcMNzcUAAAAAO8BzDZXUeyE1eNqQKDMcITa2ymM\" data-size=\"invisible\"><\/div><\/div><div class=\"wpforms-submit-container\" ><input type=\"hidden\" name=\"wpforms[id]\" value=\"167\"><input type=\"hidden\" name=\"page_title\" value=\"\"><input type=\"hidden\" name=\"page_url\" value=\"https:\/\/www.aaltosensukuseura.fi\/index.php\/wp-json\/wp\/v2\/pages\/3\"><input type=\"hidden\" name=\"url_referer\" value=\"\"><button type=\"submit\" name=\"wpforms[submit]\" id=\"wpforms-submit-167\" class=\"wpforms-submit\" data-alt-text=\"L\u00e4hetet\u00e4\u00e4n viesti\u00e4...\" data-submit-text=\"L\u00e4het\u00e4\" aria-live=\"assertive\" value=\"wpforms-submit\">L\u00e4het\u00e4<\/button><\/div><\/form><\/div>  <!-- .wpforms-container -->\n<p>&nbsp;<\/p>\n<h3 style=\"text-align: left;\">Eik\u00f6 lomake toimi?<\/h3>\n<p style=\"text-align: left;\">Voit my\u00f6s laittaa s\u00e4hk\u00f6postia suoraan sukuseuran sihteerille osoitteeseen<br \/>\naaltosensukuseura (miukumauku) gmail (piste) com<\/p>\n","protected":false},"excerpt":{"rendered":"<p>Ota yhteytt\u00e4 Aaltosen sukuseuraan<\/p>\n","protected":false},"author":1,"featured_media":177,"parent":0,"menu_order":3,"comment_status":"closed","ping_status":"closed","template":"","meta":{"footnotes":""},"class_list":["post-3","page","type-page","status-publish","has-post-thumbnail","hentry","with-featured-image"],"_links":{"self":[{"href":"https:\/\/www.aaltosensukuseura.fi\/index.php\/wp-json\/wp\/v2\/pages\/3","targetHints":{"allow":["GET"]}}],"collection":[{"href":"https:\/\/www.aaltosensukuseura.fi\/index.php\/wp-json\/wp\/v2\/pages"}],"about":[{"href":"https:\/\/www.aaltosensukuseura.fi\/index.php\/wp-json\/wp\/v2\/types\/page"}],"author":[{"embeddable":true,"href":"https:\/\/www.aaltosensukuseura.fi\/index.php\/wp-json\/wp\/v2\/users\/1"}],"replies":[{"embeddable":true,"href":"https:\/\/www.aaltosensukuseura.fi\/index.php\/wp-json\/wp\/v2\/comments?post=3"}],"version-history":[{"count":3,"href":"https:\/\/www.aaltosensukuseura.fi\/index.php\/wp-json\/wp\/v2\/pages\/3\/revisions"}],"predecessor-version":[{"id":271,"href":"https:\/\/www.aaltosensukuseura.fi\/index.php\/wp-json\/wp\/v2\/pages\/3\/revisions\/271"}],"wp:featuredmedia":[{"embeddable":true,"href":"https:\/\/www.aaltosensukuseura.fi\/index.php\/wp-json\/wp\/v2\/media\/177"}],"wp:attachment":[{"href":"https:\/\/www.aaltosensukuseura.fi\/index.php\/wp-json\/wp\/v2\/media?parent=3"}],"curies":[{"name":"wp","href":"https:\/\/api.w.org\/{rel}","templated":true}]}}